{"id":4541,"date":"2018-05-28T15:13:22","date_gmt":"2018-05-28T20:13:22","guid":{"rendered":"https:\/\/www.venegreco.com\/pa\/?page_id=4541"},"modified":"2018-07-10T10:53:54","modified_gmt":"2018-07-10T15:53:54","slug":"politica-de-privacidad","status":"publish","type":"page","link":"https:\/\/www.venegreco.com\/pa\/politica-de-privacidad\/","title":{"rendered":"Pol\u00edtica  de Privacidad"},"content":{"rendered":"<div  class=\"one withsmallpadding ppb_text\" style=\"text-align:left;padding:30px 0 30px 0;\" >\n<div class=\"standard_wrapper\">\n<div class=\"page_content_wrapper\">\n<div class=\"inner\">\n<div style=\"margin:auto;width:100%\">\n<h2 style=\"text-align: left;\">Pol\u00edtica de Privacidad<\/h2>\n<p>Este aviso forma parte del uso del sitio web <a href=\"https:\/\/www.venegreco.com\/\" target=\"_blank\" rel=\"noopener\">www.venegreco.com<\/a> en cumplimiento con las normas establecidas por la Ley Federal de Protecci\u00f3n de Datos Personales en Posesi\u00f3n de Particulares. Todos los datos recabados ser\u00e1n controlados y se cuidar\u00e1 el tratamiento de sus datos personales o sensibles (\u201cDatos\u201d) a efecto de proporcionar privacidad y el derecho a la autodeterminaci\u00f3n informativa de los mismos. El responsable de la protecci\u00f3n de dichos datos es el Departamento de Servicio al Cliente que podr\u00e1 ser contactado a trav\u00e9s del correo venegrecotours1@hotmail.com. Los datos personales recolectados en este sitio web incluyen, pero no son limitados a, nombre y apellidos, n\u00famero telef\u00f3nico y correo electr\u00f3nico. En algunos casos para la realizaci\u00f3n de pagos: n\u00famero de tarjeta de cr\u00e9dito\/d\u00e9bito, fecha de vencimiento, d\u00edgito verificador, nombre del titular de la tarjeta y direcci\u00f3n al que llega el estado de cuenta de la tarjeta de cr\u00e9dito. Esta informaci\u00f3n es recolectada y guardada cuando elige hacer una reservaci\u00f3n ya sea en l\u00ednea, v\u00eda telef\u00f3nica o a trav\u00e9s de cualquier otro medio, en el caso de los datos de pago con tarjeta de cr\u00e9dito\/d\u00e9bito son destruidos despu\u00e9s de haber confirmado la transacci\u00f3n y su reservaci\u00f3n queda lista. Adem\u00e1s este sitio recolecta informaci\u00f3n no personal de forma autom\u00e1tica a trav\u00e9s de distintas herramientas de an\u00e1lisis cada vez que un visitante ingresa a Venegreco Tours, por ejemplo el destino buscado, la forma en que se utiliza el sitio o el tiempo estimado de visualizaci\u00f3n de una determinada p\u00e1gina. Esta informaci\u00f3n se recolecta y permite a la empresa mejorar constantemente la usabilidad y el dise\u00f1o del sitio para adaptarlo a las necesidades de los visitantes y facilitar las operaciones en el mismo.<\/p>\n<h2>C\u00f3mo se utilizan los datos<\/h2>\n<p>Los datos proporcionados podr\u00e1n tener uno o m\u00e1s de los siguientes tratamientos:<\/p>\n<ul>\n<li>Procesar, completar, actualizar, cancelar o imprimir los servicios contratados a trav\u00e9s de <strong>Venegreco Tours<\/strong>, por cualquier medio: electr\u00f3nico o telef\u00f3nico.<\/li>\n<li>Llamadas telef\u00f3nicas para confirmar disponibilidad, verificar las operaciones o transacciones hechas v\u00eda internet o telef\u00f3nica si as\u00ed se requiere o si sus representantes lo consideran necesario.<\/li>\n<li>Env\u00edo de notificaciones a trav\u00e9s de correo electr\u00f3nico que informan sobre cualquier cambio, disponibilidad o eventos relacionados al itinerario de viaje: confirmaci\u00f3n de los servicios contratados, modificaciones, cancelaciones, invitaciones para evaluar u opinar sobre los servicios contratados y el servicio recibido por parte de sus empleados o representantes.<\/li>\n<li>Env\u00edo de correo electr\u00f3nico o realizaci\u00f3n de llamadas telef\u00f3nicas para solicitar documentos que confirmen la identidad del cliente o el titular de la tarjeta de cr\u00e9dito si o el\/los banco(s) con el que trabaja lo considera necesario.<\/li>\n<li>Para mantener y actualizar constantemente bases de datos que generan estad\u00edsticas y permiten mejorar los servicios recibidos por nuestros clientes y\/o visitantes.<\/li>\n<li>Para recibir ofertas de viaje por correo electr\u00f3nico a trav\u00e9s de nuestro bolet\u00edn de ofertas. En cada email enviado aparece una liga con la opci\u00f3n para darse de baja si el usuario as\u00ed lo desea para dejar de recibir estas comunicaciones.<\/li>\n<\/ul>\n<h2>Protecci\u00f3n de datos personales<\/h2>\n<p><strong>VENEGRECO TOURS<\/strong> ha implementado un sistema de seguridad sofisticado para proteger la informaci\u00f3n de nuestros clientes de accesos no autorizados. Nuestros sistemas est\u00e1n configurados con encriptaci\u00f3n de datos y tecnolog\u00edas de codificaci\u00f3n programados bajo est\u00e1ndares de la industria. Toda transmisi\u00f3n de datos delicados como son informaci\u00f3n de <strong>tarjetas de cr\u00e9dito\/d\u00e9bito ingresada en el sitio de Venegreco Tours se codifica antes de enviarse usando tecnolog\u00eda SSL<\/strong><\/p>\n<h2>Acceso a datos personales<\/h2>\n<p>Cumpliendo con lo dispuesto en la Ley Federal de Protecci\u00f3n de Datos Personales en Posesi\u00f3n de los Particulares tiene derecho a ejercer 4 acciones sobre los datos personales que hemos recabado: accesar a sus datos personales para conocer los detalles de tratamiento de los mismos, as\u00ed como rectificarlos en caso de ser inexactos, incorrectos o est\u00e9n desactualizados; cancelarlos cuando considere que no se requieren para alguna de las finalidades se\u00f1aladas en el presente aviso de privacidad, est\u00e9n siendo utilizados para finalidades no consentidas o haya finalizado la relaci\u00f3n contractual o de servicio, o bien, oponerse al tratamiento de los mismos.<br \/>\nPara ejercer cualquiera de estas acciones sobre sus datos personales enviar una solicitud por escrito al correo venegrecotours1@hotmail.com especificando la acci\u00f3n que desea ejecutar sobre su informaci\u00f3n.<\/p>\n<h2>Transferencia de datos<\/h2>\n<p>Algunos de los datos personales proporcionados al momento de reservar son compartidos con proveedores o empresas afiliadas para procesar y completar los servicios contratados. Nunca ser\u00e1n transferidos datos personales a personas o empresas ajenas a <strong>Venegreco Tours<\/strong>, Los datos que se comparten dependen del servicio reservado y se hacen con la finalidad de brindar un mejor servicio y entender mejor las necesidades de nuestros clientes.<\/p>\n<p>Cambios y aceptaci\u00f3n de este Aviso de Privacidad<br \/>\nEl administrador de este sitio web se reserva el derecho de modificar o cambiar este Aviso de Privacidad en cualquier momento de ser necesario, se recomienda su revisi\u00f3n continua.<br \/>\nLa aportaci\u00f3n de datos a <strong>Venegreco Tours<\/strong>, mediante cualquier medio significa que ha le\u00eddo, entendi\u00f3 y constituye la aceptaci\u00f3n de los t\u00e9rminos expuestos en el presente aviso de privacidad.<\/p>\n<\/div>\n<\/div>\n<\/div>\n<\/div>\n<\/div>\n","protected":false},"excerpt":{"rendered":"<p>Pol\u00edtica de Privacidad Este aviso forma parte del uso del sitio web www.venegreco.com en cumplimiento con las normas establecidas por la Ley Federal de Protecci\u00f3n de Datos Personales en Posesi\u00f3n de Particulares. Todos los datos recabados ser\u00e1n controlados y se [&hellip;]<\/p>\n","protected":false},"author":1,"featured_media":0,"parent":0,"menu_order":0,"comment_status":"closed","ping_status":"closed","template":"","meta":{"footnotes":""},"class_list":["post-4541","page","type-page","status-publish","hentry"],"_links":{"self":[{"href":"https:\/\/www.venegreco.com\/pa\/wp-json\/wp\/v2\/pages\/4541","targetHints":{"allow":["GET"]}}],"collection":[{"href":"https:\/\/www.venegreco.com\/pa\/wp-json\/wp\/v2\/pages"}],"about":[{"href":"https:\/\/www.venegreco.com\/pa\/wp-json\/wp\/v2\/types\/page"}],"author":[{"embeddable":true,"href":"https:\/\/www.venegreco.com\/pa\/wp-json\/wp\/v2\/users\/1"}],"replies":[{"embeddable":true,"href":"https:\/\/www.venegreco.com\/pa\/wp-json\/wp\/v2\/comments?post=4541"}],"version-history":[{"count":0,"href":"https:\/\/www.venegreco.com\/pa\/wp-json\/wp\/v2\/pages\/4541\/revisions"}],"wp:attachment":[{"href":"https:\/\/www.venegreco.com\/pa\/wp-json\/wp\/v2\/media?parent=4541"}],"curies":[{"name":"wp","href":"https:\/\/api.w.org\/{rel}","templated":true}]}}