{"id":4125,"date":"2017-10-24T09:27:47","date_gmt":"2017-10-24T14:27:47","guid":{"rendered":"https:\/\/www.venegreco.com\/pa\/?page_id=4125"},"modified":"2023-02-22T10:49:55","modified_gmt":"2023-02-22T15:49:55","slug":"que-ofrecemos","status":"publish","type":"page","link":"https:\/\/www.venegreco.com\/pa\/que-ofrecemos\/","title":{"rendered":"Que ofrecemos"},"content":{"rendered":"<div  class=\"one withsmallpadding ppb_header_youtube withbg parallax\"  style=\"text-align:left;padding:30px 0 30px 0;\" >\n<div class=\"overlay_background\" style=\"background:#000000;background:rgb(0,0,0,1);background:rgba(0,0,0,1);\"><\/div>\n<div class=\"standard_wrapper\">\n<div class=\"page_content_wrapper\">\n<div class=\"inner\">\n<div style=\"margin:auto;width:100%\">\n<h2 class=\"ppb_title\" style=\"\">Agencia de Viaje Venegreco Tours<\/h2>\n<\/div>\n<\/div>\n<\/div>\n<\/div>\n<\/div>\n<div  class=\"one withsmallpadding ppb_header \" style=\"text-align:left;padding:30px 0 30px 0;\" >\n<div class=\"standard_wrapper\">\n<div class=\"page_content_wrapper\">\n<div class=\"inner\">\n<div style=\"margin:auto;width:100%\">\n<h2 class=\"ppb_title\" style=\"\">\u00bfQu\u00e9 ofrecemos a nuestros clientes?<\/h2>\n<div class=\"ppb_header_content\">\n<p>Paquetes nacionales e internacionales.<br \/>\nBoletos nacionales, internacionales y cruceros.<br \/>\nTour y asesor\u00eda de viaje.<br \/>\n<strong>Paquetes especiales:<\/strong> Ofrecemos paquetes para eventos especiales como conciertos, eventos deportivos, paquetes ajustados a su medida.<\/p>\n<div class=\"one_half \" style=\"\">\n<div class=\"animate_counter_wrapper\">\n<div id=\"167708099535322872\" class=\"odometer\" style=\"font-size:60px;line-height:60px;\">0<\/div>\n<div class=\"count_separator\"><span><\/span><\/div>\n<div class=\"counter_subject\">Tour<\/div>\n<\/div>\n<\/div>\n<div class=\"one_half last \" style=\"\">\n<div class=\"animate_counter_wrapper\">\n<div id=\"16770809952038086252\" class=\"odometer\" style=\"font-size:60px;line-height:60px;\">0<\/div>\n<div class=\"count_separator\"><span><\/span><\/div>\n<div class=\"counter_subject\">Clientes felices<\/div>\n<\/div>\n<\/div>\n<p><br class=\"clear\"\/><\/p>\n<\/div>\n<\/div>\n<\/div>\n<\/div>\n<\/div>\n<\/div>\n<div  class=\"one\" >\n<div class=\"one_half_bg textright\" style=\"padding:0px;\">\n<h2 class=\"ppb_title\" style=\"\">Alquiler de Veh\u00edculos<\/h2>\n<div class=\"ppb_header_content\">\n<p>Le ofrecemos los mejores proveedores en el alquiler de veh\u00edculos ajustados a sus necesidades, para convertir sus traslados en toda una experiencia de confort y seriedad, porque sabemos que su satisfacci\u00f3n es nuestro mayor compromiso.<\/p>\n<\/div>\n<\/div>\n<div class=\"one_half_bg\"><\/div>\n<p><br class=\"clear\"\/><\/div>\n<div  class=\"one\" >\n<div class=\"one_half_bg textright\" style=\"padding:0px;\">\n<h2 class=\"ppb_title\" style=\"\">Tours<\/h2>\n<div class=\"ppb_header_content\">\n<p>Consulte aqu\u00ed los tours que tenemos para ofrecerle a cualquiera de los destinos que tenemos disponibles, y no deje de solicitar informaci\u00f3n acerca de los lugares que quiere visitar y organizar sin contratiempos, para ello nuestro grupo de trabajo gustosamente lo atender\u00e1 para ajustar los planes a sus necesidades.<\/p>\n<\/div>\n<\/div>\n<div class=\"one_half_bg\"><\/div>\n<p><br class=\"clear\"\/><\/div>\n<div  class=\"one\" >\n<div class=\"one_half_bg textright\" style=\"padding:0px;\">\n<h2 class=\"ppb_title\" style=\"\">Cruceros<\/h2>\n<div class=\"ppb_header_content\">\n<p>Cuando piense en cruzar los mares a bordo de un crucero con total confort y seguridad, con un servicio de calidad y la mejor atenci\u00f3n, no dude en contactarnos, ya que nuestro personal altamente calificado lo asesorar\u00e1 para que seleccione su destino con total comodidad en el menor tiempo posible.<\/p>\n<\/div>\n<\/div>\n<div class=\"one_half_bg\"><\/div>\n<p><br class=\"clear\"\/><\/div>\n<div  class=\"one\" >\n<div class=\"one_half_bg textright\" style=\"padding:0px;\">\n<h2 class=\"ppb_title\" style=\"\">Eventos Corporativos<\/h2>\n<div class=\"ppb_header_content\">\n<p>Contamos con un equipo de alt\u00edsima calidad que lo asesorar\u00e1 en la organizaci\u00f3n, log\u00edstica y coordinaci\u00f3n de su evento corporativo de cualquier magnitud, ofreci\u00e9ndole gran variedad de opciones en cuanto a alojamiento, vuelos, traslados, tours, actividades, y todo lo que necesite para que est\u00e9 a la altura de sus expectativas.<\/p>\n<\/div>\n<\/div>\n<div class=\"one_half_bg\"><\/div>\n<p><br class=\"clear\"\/><\/div>\n<div  class=\"one\" >\n<div class=\"one_half_bg textright\" style=\"padding:0px;\">\n<h2 class=\"ppb_title\" style=\"\">Asistencia al viajero<\/h2>\n<div class=\"ppb_header_content\">\n<p>Brindamos asistencia al viajero, para que el pasajero se sienta en la comodidad y tranquilidad ya que nuestro servicio de asistencia al viajero<br \/>\ncubre las incidencias que se pueden sufrir a lo largo de un viaje, desde su anulaci\u00f3n hasta la p\u00e9rdida de equipaje y muchas m\u00e1s coberturas. Se puede contratar una p\u00f3liza para un viaje concreto, para uno de larga duraci\u00f3n e incluso para varios que se van a realizar en un a\u00f1o.<\/p>\n<\/div>\n<\/div>\n<div class=\"one_half_bg\"><\/div>\n<p><br class=\"clear\"\/><\/div>\n","protected":false},"excerpt":{"rendered":"<p>Agencia de Viaje Venegreco Tours \u00bfQu\u00e9 ofrecemos a nuestros clientes? Paquetes nacionales e internacionales. Boletos nacionales, internacionales y cruceros. Tour y asesor\u00eda de viaje. Paquetes especiales: Ofrecemos paquetes para eventos especiales como conciertos, eventos deportivos, paquetes ajustados a su medida. [&hellip;]<\/p>\n","protected":false},"author":1,"featured_media":0,"parent":0,"menu_order":0,"comment_status":"closed","ping_status":"closed","template":"","meta":{"footnotes":""},"class_list":["post-4125","page","type-page","status-publish","hentry"],"_links":{"self":[{"href":"https:\/\/www.venegreco.com\/pa\/wp-json\/wp\/v2\/pages\/4125","targetHints":{"allow":["GET"]}}],"collection":[{"href":"https:\/\/www.venegreco.com\/pa\/wp-json\/wp\/v2\/pages"}],"about":[{"href":"https:\/\/www.venegreco.com\/pa\/wp-json\/wp\/v2\/types\/page"}],"author":[{"embeddable":true,"href":"https:\/\/www.venegreco.com\/pa\/wp-json\/wp\/v2\/users\/1"}],"replies":[{"embeddable":true,"href":"https:\/\/www.venegreco.com\/pa\/wp-json\/wp\/v2\/comments?post=4125"}],"version-history":[{"count":0,"href":"https:\/\/www.venegreco.com\/pa\/wp-json\/wp\/v2\/pages\/4125\/revisions"}],"wp:attachment":[{"href":"https:\/\/www.venegreco.com\/pa\/wp-json\/wp\/v2\/media?parent=4125"}],"curies":[{"name":"wp","href":"https:\/\/api.w.org\/{rel}","templated":true}]}}