{"id":3573,"date":"2017-07-31T09:49:07","date_gmt":"2017-07-31T09:49:07","guid":{"rendered":"https:\/\/www.venegreco.com\/pa\/?page_id=3573"},"modified":"2023-03-02T13:54:51","modified_gmt":"2023-03-02T18:54:51","slug":"contacto","status":"publish","type":"page","link":"https:\/\/www.venegreco.com\/pa\/contacto\/","title":{"rendered":"Contacto"},"content":{"rendered":"<div  class=\"one withsmallpadding ppb_text\" style=\"text-align:left;padding:30px 0 30px 0;\" >\n<div class=\"standard_wrapper\">\n<div class=\"page_content_wrapper\">\n<div class=\"inner\">\n<div style=\"margin:auto;width:100%\">\n<h4 class=\"p1\"><span class=\"s1\"><b>Venegreco Tours Empresa dedicada a la gesti\u00f3n y servicios tur\u00edsticos de boleter\u00eda a\u00e9rea, hoteler\u00eda, traslados, paquetes de viajes. Con sede en Venezuela, Panam\u00e1 y USA <\/b><\/span><\/h4>\n<div style=\"margin-top: 30px;\">\n<div class=\"social_wrapper shortcode dark \">\n<ul>\n<li class=\"facebook\"><a target=\"_blank\" title=\"Facebook\" href=\"https:\/\/www.facebook.com\/venegrecotours\/\" rel=\"noopener\"><i class=\"fa fa-facebook\"><\/i><\/a><\/li>\n<li class=\"youtube\"><a target=\"_blank\" title=\"Youtube\" href=\"https:\/\/www.youtube.com\/channel\/UChep4TF-VLJ-fjtC_oPWehw\/\" rel=\"noopener\"><i class=\"fa fa-youtube\"><\/i><\/a><\/li>\n<li class=\"instagram\"><a target=\"_blank\" title=\"Instagram\" href=\"https:\/\/instagram.com\/venegrecotours\" rel=\"noopener\"><i class=\"fa fa-instagram\"><\/i><\/a><\/li>\n<\/ul>\n<\/div>\n<\/div>\n<\/div>\n<\/div>\n<\/div>\n<\/div>\n<\/div>\n<div  class=\"one withsmallpadding ppb_contact_half_bg \" style=\"padding:30px 0 30px 0;\" >\n<div class=\"standard_wrapper\">\n<div class=\"page_content_wrapper\">\n<div class=\"inner\">\n<div class=\"one_half_bg floatright\" style=\"background:#000000;background:rgb(0,0,0,1);background:rgba(0,0,0,1);\" >\n<h2 class=\"ppb_title\" style=\"\">Consultas<\/h2>\n<div class=\"contact_form7_wrapper\"><p class=\"wpcf7-contact-form-not-found\"><strong>Error:<\/strong> Formulario de contacto no encontrado.<\/p><\/div>\n<\/div>\n<\/div>\n<\/div>\n<\/div>\n<\/div>\n<div  class=\"one withsmallpadding ppb_text\" style=\"text-align:left;padding:30px 0 30px 0;\" >\n<div class=\"standard_wrapper\">\n<div class=\"page_content_wrapper\">\n<div class=\"inner\">\n<div style=\"margin:auto;width:100%\">\n<p><img decoding=\"async\" loading=\"lazy\" class=\"aligncenter wp-image-3080 size-full\" src=\"https:\/\/www.venegreco.com\/pa\/wp-content\/uploads\/2017\/10\/awards.png\" alt=\"\" width=\"783\" height=\"200\" \/><br \/>\n<a class=\"button\" style=\"margin-top: 10px;\" href=\"https:\/\/www.venegreco.com\/pa\/tours\/\">Los Mejores Tours a un Click<\/a><\/p>\n<\/div>\n<\/div>\n<\/div>\n<\/div>\n<\/div>\n","protected":false},"excerpt":{"rendered":"<p>Venegreco Tours Empresa dedicada a la gesti\u00f3n y servicios tur\u00edsticos de boleter\u00eda a\u00e9rea, hoteler\u00eda, traslados, paquetes de viajes. Con sede en Venezuela, Panam\u00e1 y USA Consultas Los Mejores Tours a un Click<\/p>\n","protected":false},"author":1,"featured_media":0,"parent":0,"menu_order":0,"comment_status":"closed","ping_status":"closed","template":"","meta":{"footnotes":""},"class_list":["post-3573","page","type-page","status-publish","hentry"],"_links":{"self":[{"href":"https:\/\/www.venegreco.com\/pa\/wp-json\/wp\/v2\/pages\/3573","targetHints":{"allow":["GET"]}}],"collection":[{"href":"https:\/\/www.venegreco.com\/pa\/wp-json\/wp\/v2\/pages"}],"about":[{"href":"https:\/\/www.venegreco.com\/pa\/wp-json\/wp\/v2\/types\/page"}],"author":[{"embeddable":true,"href":"https:\/\/www.venegreco.com\/pa\/wp-json\/wp\/v2\/users\/1"}],"replies":[{"embeddable":true,"href":"https:\/\/www.venegreco.com\/pa\/wp-json\/wp\/v2\/comments?post=3573"}],"version-history":[{"count":0,"href":"https:\/\/www.venegreco.com\/pa\/wp-json\/wp\/v2\/pages\/3573\/revisions"}],"wp:attachment":[{"href":"https:\/\/www.venegreco.com\/pa\/wp-json\/wp\/v2\/media?parent=3573"}],"curies":[{"name":"wp","href":"https:\/\/api.w.org\/{rel}","templated":true}]}}