{"id":2465,"date":"2016-12-24T04:38:09","date_gmt":"2016-12-24T04:38:09","guid":{"rendered":"https:\/\/www.venegreco.com\/pa\/?page_id=2465"},"modified":"2023-02-22T10:48:40","modified_gmt":"2023-02-22T15:48:40","slug":"quienes-somos","status":"publish","type":"page","link":"https:\/\/www.venegreco.com\/pa\/quienes-somos\/","title":{"rendered":"Qui\u00e9nes Somos"},"content":{"rendered":"<div  class=\"one withsmallpadding ppb_header_youtube withbg parallax\"  style=\"text-align:left;padding:30px 0 30px 0;\" >\n<div class=\"overlay_background\" style=\"background:#000000;background:rgb(0,0,0,1);background:rgba(0,0,0,1);\"><\/div>\n<div class=\"standard_wrapper\">\n<div class=\"page_content_wrapper\">\n<div class=\"inner\">\n<div style=\"margin:auto;width:100%\">\n<h2 class=\"ppb_title\" style=\"\">Agencia de Viaje Venegreco Tours<\/h2>\n<\/div>\n<\/div>\n<\/div>\n<\/div>\n<\/div>\n<div  class=\"one withsmallpadding ppb_header \" style=\"text-align:left;padding:30px 0 30px 0;\" >\n<div class=\"standard_wrapper\">\n<div class=\"page_content_wrapper\">\n<div class=\"inner\">\n<div style=\"margin:auto;width:100%\">\n<h2 class=\"ppb_title\" style=\"\">Qui\u00e9nes Somos<\/h2>\n<div class=\"ppb_header_content\">\n<p>Somos un equipo de profesionales, que ofrece a nuestros clientes servicios de asistencia en boleter\u00eda a\u00e9rea, hoteler\u00eda, traslados terrestres, city tours, paquetes tur\u00edsticos a nivel Nacional e Internacional.<\/p>\n<div class=\"one_half \" style=\"\">\n<div class=\"animate_counter_wrapper\">\n<div id=\"1677080920370003686\" class=\"odometer\" style=\"font-size:60px;line-height:60px;\">0<\/div>\n<div class=\"count_separator\"><span><\/span><\/div>\n<div class=\"counter_subject\">Tour<\/div>\n<\/div>\n<\/div>\n<div class=\"one_half last \" style=\"\">\n<div class=\"animate_counter_wrapper\">\n<div id=\"1677080920771513872\" class=\"odometer\" style=\"font-size:60px;line-height:60px;\">0<\/div>\n<div class=\"count_separator\"><span><\/span><\/div>\n<div class=\"counter_subject\">Clientes felices<\/div>\n<\/div>\n<\/div>\n<p><br class=\"clear\"\/><\/p>\n<\/div>\n<\/div>\n<\/div>\n<\/div>\n<\/div>\n<\/div>\n<div  class=\"one\" >\n<div class=\"one_half_bg textright\" style=\"padding:0px;\">\n<h2 class=\"ppb_title\" style=\"\">Misi\u00f3n y Visi\u00f3n<\/h2>\n<div class=\"ppb_header_content\">\n<p>La satisfacci\u00f3n de nuestros clientes logrando sus expectativas de viaje , basado en  la calidad de servicio brindado y constante comunicaci\u00f3n por parte de nuestro equipo. <\/p>\n<p>El  esparcimiento de nuestra empresa de viajes y turismo reconocida a nivel nacional e internacional por la calidad de servicio, aportando las soluciones para el cumplimiento de los objetivos de nuestros clientes.<\/p>\n<\/div>\n<\/div>\n<div class=\"one_half_bg\"><\/div>\n<p><br class=\"clear\"\/><\/div>\n<div  class=\"one\" >\n<div class=\"one_half_bg textright\" style=\"padding:0px;\">\n<h2 class=\"ppb_title\" style=\"\">Valores<\/h2>\n<div class=\"ppb_header_content\">\n<p>Orientaci\u00f3n al Cliente, nuestra prioridad es la satisfacci\u00f3n total del cliente, a quien  se le orientar\u00e1  a su mejor decisi\u00f3n de acuerdo a sus metas y presupuesto<br \/>\nExcelencia Total, garant\u00eda total de fiel cumplimiento de todas y cada una de las Normativas, Reglamentos y Disposiciones que rigen el \u00e1mbito tur\u00edstico nacional.<\/p>\n<\/div>\n<\/div>\n<div class=\"one_half_bg\"><\/div>\n<p><br class=\"clear\"\/><\/div>\n","protected":false},"excerpt":{"rendered":"<p>Agencia de Viaje Venegreco Tours Qui\u00e9nes Somos Somos un equipo de profesionales, que ofrece a nuestros clientes servicios de asistencia en boleter\u00eda a\u00e9rea, hoteler\u00eda, traslados terrestres, city tours, paquetes tur\u00edsticos a nivel Nacional e Internacional. 0 Tour 0 Clientes felices [&hellip;]<\/p>\n","protected":false},"author":1,"featured_media":0,"parent":0,"menu_order":0,"comment_status":"closed","ping_status":"closed","template":"","meta":{"footnotes":""},"class_list":["post-2465","page","type-page","status-publish","hentry"],"_links":{"self":[{"href":"https:\/\/www.venegreco.com\/pa\/wp-json\/wp\/v2\/pages\/2465","targetHints":{"allow":["GET"]}}],"collection":[{"href":"https:\/\/www.venegreco.com\/pa\/wp-json\/wp\/v2\/pages"}],"about":[{"href":"https:\/\/www.venegreco.com\/pa\/wp-json\/wp\/v2\/types\/page"}],"author":[{"embeddable":true,"href":"https:\/\/www.venegreco.com\/pa\/wp-json\/wp\/v2\/users\/1"}],"replies":[{"embeddable":true,"href":"https:\/\/www.venegreco.com\/pa\/wp-json\/wp\/v2\/comments?post=2465"}],"version-history":[{"count":0,"href":"https:\/\/www.venegreco.com\/pa\/wp-json\/wp\/v2\/pages\/2465\/revisions"}],"wp:attachment":[{"href":"https:\/\/www.venegreco.com\/pa\/wp-json\/wp\/v2\/media?parent=2465"}],"curies":[{"name":"wp","href":"https:\/\/api.w.org\/{rel}","templated":true}]}}